{"id":147,"date":"2021-10-05T20:55:02","date_gmt":"2021-10-05T18:55:02","guid":{"rendered":"http:\/\/www.babiscloud.de\/?page_id=147"},"modified":"2021-10-24T13:35:35","modified_gmt":"2021-10-24T11:35:35","slug":"about","status":"publish","type":"page","link":"http:\/\/www.babiscloud.de\/?page_id=147","title":{"rendered":"\u00dcber mich"},"content":{"rendered":"\n<p>Installationen, Kunst und Events by Babis Panagiotidis in N\u00fcrnberg<\/p>\n\n\n\n<div class=\"wp-block-columns is-layout-flex wp-container-core-columns-is-layout-9d6595d7 wp-block-columns-is-layout-flex\">\n<div class=\"wp-block-column is-layout-flow wp-block-column-is-layout-flow\" style=\"flex-basis:100%\">\n<div class=\"wp-block-columns is-layout-flex wp-container-core-columns-is-layout-9d6595d7 wp-block-columns-is-layout-flex\">\n<div class=\"wp-block-column is-layout-flow wp-block-column-is-layout-flow\">\n<figure class=\"wp-block-image size-full is-style-default\"><a href=\"http:\/\/www.babiscloud.de\/?page_id=162\"><img loading=\"lazy\" decoding=\"async\" width=\"404\" height=\"404\" src=\"http:\/\/www.babiscloud.de\/wp-content\/uploads\/2021\/10\/bild1.jpg\" alt=\"\" class=\"wp-image-11\" srcset=\"http:\/\/www.babiscloud.de\/wp-content\/uploads\/2021\/10\/bild1.jpg 404w, http:\/\/www.babiscloud.de\/wp-content\/uploads\/2021\/10\/bild1-300x300.jpg 300w, http:\/\/www.babiscloud.de\/wp-content\/uploads\/2021\/10\/bild1-150x150.jpg 150w\" sizes=\"auto, (max-width: 404px) 100vw, 404px\" \/><\/a><figcaption> <h2 align=\"center\">Mind Art . apollonian<\/h2><\/figcaption><\/figure>\n\n\n\n<p class=\"has-text-align-center has-normal-font-size\">Objektkunst von Babis Panagiotidis.<\/p>\n<\/div>\n\n\n\n<div class=\"wp-block-column is-layout-flow wp-block-column-is-layout-flow\">\n<figure class=\"wp-block-image size-full is-style-default\"><a href=\"http:\/\/www.babiscloud.de\/?page_id=219\"><img loading=\"lazy\" decoding=\"async\" width=\"404\" height=\"404\" src=\"http:\/\/www.babiscloud.de\/wp-content\/uploads\/2021\/10\/bild2.jpg\" alt=\"\" class=\"wp-image-12\" srcset=\"http:\/\/www.babiscloud.de\/wp-content\/uploads\/2021\/10\/bild2.jpg 404w, http:\/\/www.babiscloud.de\/wp-content\/uploads\/2021\/10\/bild2-300x300.jpg 300w, http:\/\/www.babiscloud.de\/wp-content\/uploads\/2021\/10\/bild2-150x150.jpg 150w\" sizes=\"auto, (max-width: 404px) 100vw, 404px\" \/><\/a><figcaption><h2 align=\"center\">Body Club . dionysian<\/h2><\/figcaption><\/figure>\n\n\n\n<p class=\"has-text-align-center has-normal-font-size\">DJing by Babis Cloud.<\/p>\n<\/div>\n<\/div>\n<\/div>\n<\/div>\n\n\n\n<h2 class=\"has-text-align-left wp-block-heading\">Mein Leit- und Arbeitsmotiv..<\/h2>\n\n\n\n<p>sind die Themen aus dem Leben, die mich und Millionen anderer bewu\u00dft oder unbewu\u00dft besch\u00e4ftigen. Ich greife sie auf und bringe sie in Form, wobei die Idee dahinter erkennbar wird, nicht eine pers\u00f6nliche Handschrift.<\/p>\n\n\n\n<p>Ich m\u00f6chte diese Thematik aktualisieren, die historische Distanz \u00fcberbr\u00fccken und f\u00fcr die heutige Zeit erfahrbar machen.<br>So hat bereits Homers Odyssee f\u00fcr meine letzten zwei B\u00fchnenst\u00fccke das Thema geliefert, genauso wie f\u00fcr eine aktuelle Skulptur.<\/p>\n\n\n\n<p>Geboren bin ich in N\u00fcrnberg, aufgewachsen bei Oma und Opa in einem kleinen Bergdorf in Griechenland, als es dort noch keine Stromversorgung oder Telefon gab.<br>Es folgten das Studium Kommunikations-Design an der FH N\u00fcrnberg, einige Jahre als Artdirector in einer Werbeagentur, mit dem H\u00f6hepunkt als Gestalter f\u00fcr die Olympischen Spiele Athen 2004.<br>Die Arbeit in der Werbung, anf\u00e4nglich als Kreativ-M\u00f6glichkeit gesehen, heute als stupid kalkulierter Wachstums-Katalysator ohne R\u00fccksicht auf Folgen und Nebenwirkungen verachtet.<\/p>\n\n\n\n<h2 class=\"wp-block-heading\">Apollonisch::<\/h2>\n\n\n\n<p>In den letzten Jahren ist der Auftraggeber einzig die innere Stimme, und da Theaterproduktionen leider nur mit einem gewaltigen Aufwand an Logistik und Organisation realisierbar sind,<br>(mit Palindrome Intermedia Performance Group, B\u00fchnenbild f\u00fcr Medien-Oper &#8222;Jenseits der Schatten&#8220; Theater Bonn, mit Frieder Weiss das St\u00fcck&nbsp;<a rel=\"noreferrer noopener\" href=\"http:\/\/www.frieder-weiss.de\/works\/all\/Sirens.php\" target=\"_blank\">Club-Sirenen<\/a>, die Tanz Performance&nbsp;<a rel=\"noreferrer noopener\" href=\"http:\/\/www.frieder-weiss.de\/works\/all\/Choreodyssee.php\" target=\"_blank\">ChoreOdyssee<\/a>&nbsp;f\u00fcr die Tafelhalle N\u00fcrnberg),<br>ist der aktuelle Fokus eher auf Objektkunst und Skulpturen gerichtet.<\/p>\n\n\n\n<h2 class=\"wp-block-heading\">Dionysisch::<\/h2>\n\n\n\n<p>Mit der Event-Reihe Belly Cloud bin ich seit 20 Jahren als DJ Babis Cloud und Veranstalter im Club aktiv. DJ ist f\u00fcr mich das direkte und sofortige Feedback der T\u00e4nzer auf dem Dancefloor. Ein erl\u00f6sendes Erlebnis, im Gegensatz zu der sonst tage- und monatelangen isolierten Arbeit an Werken, die mit einem langen Delay einen Kommentar, eine Reaktion erzeugen.<br>Die elektronische Musik f\u00fcr die Tanzfl\u00e4che ist der direkte Ableger afrikanischer Ur-Rhythmen, die Beat-Struktur verwandt mit dem Herz-Beat, eine Kunstform, die sich an der Realit\u00e4t (des K\u00f6rpers) orientiert.<\/p>\n","protected":false},"excerpt":{"rendered":"<div class=\"entry-summary\">\nInstallationen, Kunst und Events by Babis Panagiotidis in N\u00fcrnberg Objektkunst von Babis&hellip;\n<\/div>\n<div class=\"link-more\"><a href=\"http:\/\/www.babiscloud.de\/?page_id=147\" class=\"more-link\">Continue reading<span class=\"screen-reader-text\"> &ldquo;\u00dcber mich&rdquo;<\/span>&hellip;<\/a><\/div>\n","protected":false},"author":1,"featured_media":0,"parent":0,"menu_order":0,"comment_status":"closed","ping_status":"closed","template":"page-template\/_fullwidth.php","meta":{"footnotes":""},"class_list":["post-147","page","type-page","status-publish","hentry","entry"],"_links":{"self":[{"href":"http:\/\/www.babiscloud.de\/index.php?rest_route=\/wp\/v2\/pages\/147","targetHints":{"allow":["GET"]}}],"collection":[{"href":"http:\/\/www.babiscloud.de\/index.php?rest_route=\/wp\/v2\/pages"}],"about":[{"href":"http:\/\/www.babiscloud.de\/index.php?rest_route=\/wp\/v2\/types\/page"}],"author":[{"embeddable":true,"href":"http:\/\/www.babiscloud.de\/index.php?rest_route=\/wp\/v2\/users\/1"}],"replies":[{"embeddable":true,"href":"http:\/\/www.babiscloud.de\/index.php?rest_route=%2Fwp%2Fv2%2Fcomments&post=147"}],"version-history":[{"count":9,"href":"http:\/\/www.babiscloud.de\/index.php?rest_route=\/wp\/v2\/pages\/147\/revisions"}],"predecessor-version":[{"id":261,"href":"http:\/\/www.babiscloud.de\/index.php?rest_route=\/wp\/v2\/pages\/147\/revisions\/261"}],"wp:attachment":[{"href":"http:\/\/www.babiscloud.de\/index.php?rest_route=%2Fwp%2Fv2%2Fmedia&parent=147"}],"curies":[{"name":"wp","href":"https:\/\/api.w.org\/{rel}","templated":true}]}}