{"id":196,"date":"2021-10-07T19:30:58","date_gmt":"2021-10-07T17:30:58","guid":{"rendered":"http:\/\/www.babiscloud.de\/?page_id=196"},"modified":"2021-11-22T17:42:28","modified_gmt":"2021-11-22T16:42:28","slug":"jenseits-der-schatten","status":"publish","type":"page","link":"http:\/\/www.babiscloud.de\/?page_id=196","title":{"rendered":"Jenseits der Schatten"},"content":{"rendered":"\n<figure class=\"wp-block-image size-large\"><img loading=\"lazy\" decoding=\"async\" width=\"1024\" height=\"171\" src=\"http:\/\/www.babiscloud.de\/wp-content\/uploads\/2021\/10\/performance-1024x171.jpg\" alt=\"\" class=\"wp-image-49\" srcset=\"http:\/\/www.babiscloud.de\/wp-content\/uploads\/2021\/10\/performance-1024x171.jpg 1024w, http:\/\/www.babiscloud.de\/wp-content\/uploads\/2021\/10\/performance-300x50.jpg 300w, http:\/\/www.babiscloud.de\/wp-content\/uploads\/2021\/10\/performance-768x129.jpg 768w, http:\/\/www.babiscloud.de\/wp-content\/uploads\/2021\/10\/performance-1536x257.jpg 1536w, http:\/\/www.babiscloud.de\/wp-content\/uploads\/2021\/10\/performance-2048x343.jpg 2048w\" sizes=\"auto, (max-width: 1024px) 100vw, 1024px\" \/><\/figure>\n\n\n\n<figure class=\"wp-block-gallery columns-3 is-cropped wp-block-gallery-1 is-layout-flex wp-block-gallery-is-layout-flex\"><ul class=\"blocks-gallery-grid\"><li class=\"blocks-gallery-item\"><figure><a href=\"http:\/\/www.babiscloud.de\/wp-content\/uploads\/2021\/10\/oper_top.jpg\"><img loading=\"lazy\" decoding=\"async\" width=\"510\" height=\"510\" src=\"http:\/\/www.babiscloud.de\/wp-content\/uploads\/2021\/10\/oper_top.jpg\" alt=\"\" data-id=\"25\" data-full-url=\"http:\/\/www.babiscloud.de\/wp-content\/uploads\/2021\/10\/oper_top.jpg\" data-link=\"http:\/\/www.babiscloud.de\/?attachment_id=25\" class=\"wp-image-25\" srcset=\"http:\/\/www.babiscloud.de\/wp-content\/uploads\/2021\/10\/oper_top.jpg 510w, http:\/\/www.babiscloud.de\/wp-content\/uploads\/2021\/10\/oper_top-300x300.jpg 300w, http:\/\/www.babiscloud.de\/wp-content\/uploads\/2021\/10\/oper_top-150x150.jpg 150w\" sizes=\"auto, (max-width: 510px) 100vw, 510px\" \/><\/a><\/figure><\/li><li class=\"blocks-gallery-item\"><figure><a href=\"http:\/\/www.babiscloud.de\/wp-content\/uploads\/2021\/10\/oper_performance_s.jpg\"><img loading=\"lazy\" decoding=\"async\" width=\"500\" height=\"400\" src=\"http:\/\/www.babiscloud.de\/wp-content\/uploads\/2021\/10\/oper_performance_s.jpg\" alt=\"\" data-id=\"24\" data-full-url=\"http:\/\/www.babiscloud.de\/wp-content\/uploads\/2021\/10\/oper_performance_s.jpg\" data-link=\"http:\/\/www.babiscloud.de\/?attachment_id=24\" class=\"wp-image-24\" srcset=\"http:\/\/www.babiscloud.de\/wp-content\/uploads\/2021\/10\/oper_performance_s.jpg 500w, http:\/\/www.babiscloud.de\/wp-content\/uploads\/2021\/10\/oper_performance_s-300x240.jpg 300w\" sizes=\"auto, (max-width: 500px) 100vw, 500px\" \/><\/a><\/figure><\/li><li class=\"blocks-gallery-item\"><figure><a href=\"http:\/\/www.babiscloud.de\/wp-content\/uploads\/2021\/10\/oper_columns.jpg\"><img loading=\"lazy\" decoding=\"async\" width=\"500\" height=\"500\" src=\"http:\/\/www.babiscloud.de\/wp-content\/uploads\/2021\/10\/oper_columns.jpg\" alt=\"\" data-id=\"22\" data-full-url=\"http:\/\/www.babiscloud.de\/wp-content\/uploads\/2021\/10\/oper_columns.jpg\" data-link=\"http:\/\/www.babiscloud.de\/?attachment_id=22\" class=\"wp-image-22\" srcset=\"http:\/\/www.babiscloud.de\/wp-content\/uploads\/2021\/10\/oper_columns.jpg 500w, http:\/\/www.babiscloud.de\/wp-content\/uploads\/2021\/10\/oper_columns-300x300.jpg 300w, http:\/\/www.babiscloud.de\/wp-content\/uploads\/2021\/10\/oper_columns-150x150.jpg 150w\" sizes=\"auto, (max-width: 500px) 100vw, 500px\" \/><\/a><\/figure><\/li><\/ul><\/figure>\n\n\n\n<div class=\"wp-block-columns is-layout-flex wp-container-core-columns-is-layout-9d6595d7 wp-block-columns-is-layout-flex\">\n<div class=\"wp-block-column is-layout-flow wp-block-column-is-layout-flow\">\n<p>Platons H\u00f6hlengleichnis, ber\u00fcchtigte und ber\u00fchmteste Metapher der abendl\u00e4ndischen Philosophie, hat bis heute nichts von ihrer Sch\u00e4rfe und Aktualit\u00e4t verloren.<br>Hier siedelt der Star der russischen Avantgarde Vladimir Tarnopolski sein zweites Opernprojekt an. Dabei sind es nicht die Philosophen, sondern die K\u00fcnste, die den Menschen zur Wahrheit f\u00fchren.<\/p>\n<\/div>\n\n\n\n<div class=\"wp-block-column is-layout-flow wp-block-column-is-layout-flow\">\n<p>Die Vertonung der zun\u00e4chst abstrakten Texte, die sich der Kunst als Medium zur Erh\u00f6hung der Menschheit widmen, wird durch die Palindrome Dance Company durch expressiven Tanz und dem Spiel mit Licht und Schatten visualisiert.<br>Regie: Robert Wechsler, Videodesign und Technik: Frieder Weiss<br>Kost\u00fcm- und Stagedesign: Babis Panagiotidis<br><a href=\"https:\/\/www.bundeskunsthalle.de\/\" target=\"_blank\" rel=\"noreferrer noopener\">Bundeskunsthalle Bonn<\/a> 2006<br>Youtube:\u00a0<a rel=\"noreferrer noopener\" href=\"http:\/\/youtu.be\/GnyL2NJipb0\" target=\"_blank\">Jenseits der Schatten<\/a><\/p>\n<\/div>\n<\/div>\n","protected":false},"excerpt":{"rendered":"<div class=\"entry-summary\">\nPlatons H\u00f6hlengleichnis, ber\u00fcchtigte und ber\u00fchmteste Metapher der abendl\u00e4ndischen Philosophie, hat bis heute&hellip;\n<\/div>\n<div class=\"link-more\"><a href=\"http:\/\/www.babiscloud.de\/?page_id=196\" class=\"more-link\">Continue reading<span class=\"screen-reader-text\"> &ldquo;Jenseits der Schatten&rdquo;<\/span>&hellip;<\/a><\/div>\n","protected":false},"author":1,"featured_media":0,"parent":162,"menu_order":0,"comment_status":"closed","ping_status":"closed","template":"page-template\/_fullwidth.php","meta":{"footnotes":""},"class_list":["post-196","page","type-page","status-publish","hentry","entry"],"_links":{"self":[{"href":"http:\/\/www.babiscloud.de\/index.php?rest_route=\/wp\/v2\/pages\/196","targetHints":{"allow":["GET"]}}],"collection":[{"href":"http:\/\/www.babiscloud.de\/index.php?rest_route=\/wp\/v2\/pages"}],"about":[{"href":"http:\/\/www.babiscloud.de\/index.php?rest_route=\/wp\/v2\/types\/page"}],"author":[{"embeddable":true,"href":"http:\/\/www.babiscloud.de\/index.php?rest_route=\/wp\/v2\/users\/1"}],"replies":[{"embeddable":true,"href":"http:\/\/www.babiscloud.de\/index.php?rest_route=%2Fwp%2Fv2%2Fcomments&post=196"}],"version-history":[{"count":5,"href":"http:\/\/www.babiscloud.de\/index.php?rest_route=\/wp\/v2\/pages\/196\/revisions"}],"predecessor-version":[{"id":579,"href":"http:\/\/www.babiscloud.de\/index.php?rest_route=\/wp\/v2\/pages\/196\/revisions\/579"}],"up":[{"embeddable":true,"href":"http:\/\/www.babiscloud.de\/index.php?rest_route=\/wp\/v2\/pages\/162"}],"wp:attachment":[{"href":"http:\/\/www.babiscloud.de\/index.php?rest_route=%2Fwp%2Fv2%2Fmedia&parent=196"}],"curies":[{"name":"wp","href":"https:\/\/api.w.org\/{rel}","templated":true}]}}