{"id":199,"date":"2021-10-07T19:37:53","date_gmt":"2021-10-07T17:37:53","guid":{"rendered":"http:\/\/www.babiscloud.de\/?page_id=199"},"modified":"2021-11-22T17:55:55","modified_gmt":"2021-11-22T16:55:55","slug":"tete-magnetique","status":"publish","type":"page","link":"http:\/\/www.babiscloud.de\/?page_id=199","title":{"rendered":"T\u00eate Magn\u00e9tique"},"content":{"rendered":"\n<figure class=\"wp-block-gallery columns-3 is-cropped wp-block-gallery-1 is-layout-flex wp-block-gallery-is-layout-flex\"><ul class=\"blocks-gallery-grid\"><li class=\"blocks-gallery-item\"><figure><a href=\"http:\/\/www.babiscloud.de\/wp-content\/uploads\/2021\/10\/tete.jpg\"><img loading=\"lazy\" decoding=\"async\" width=\"500\" height=\"500\" src=\"http:\/\/www.babiscloud.de\/wp-content\/uploads\/2021\/10\/tete.jpg\" alt=\"\" data-id=\"27\" data-full-url=\"http:\/\/www.babiscloud.de\/wp-content\/uploads\/2021\/10\/tete.jpg\" data-link=\"https:\/\/www.babiscloud.de\/?attachment_id=27\" class=\"wp-image-27\" srcset=\"http:\/\/www.babiscloud.de\/wp-content\/uploads\/2021\/10\/tete.jpg 500w, http:\/\/www.babiscloud.de\/wp-content\/uploads\/2021\/10\/tete-300x300.jpg 300w, http:\/\/www.babiscloud.de\/wp-content\/uploads\/2021\/10\/tete-150x150.jpg 150w\" sizes=\"auto, (max-width: 500px) 100vw, 500px\" \/><\/a><\/figure><\/li><li class=\"blocks-gallery-item\"><figure><a href=\"http:\/\/www.babiscloud.de\/wp-content\/uploads\/2021\/11\/tete-MAG1_m.jpg\"><img loading=\"lazy\" decoding=\"async\" width=\"500\" height=\"353\" src=\"http:\/\/www.babiscloud.de\/wp-content\/uploads\/2021\/11\/tete-MAG1_m.jpg\" alt=\"\" data-id=\"582\" data-full-url=\"http:\/\/www.babiscloud.de\/wp-content\/uploads\/2021\/11\/tete-MAG1_m.jpg\" data-link=\"https:\/\/www.babiscloud.de\/?attachment_id=582\" class=\"wp-image-582\" srcset=\"http:\/\/www.babiscloud.de\/wp-content\/uploads\/2021\/11\/tete-MAG1_m.jpg 500w, http:\/\/www.babiscloud.de\/wp-content\/uploads\/2021\/11\/tete-MAG1_m-300x212.jpg 300w\" sizes=\"auto, (max-width: 500px) 100vw, 500px\" \/><\/a><\/figure><\/li><li class=\"blocks-gallery-item\"><figure><a href=\"http:\/\/www.babiscloud.de\/wp-content\/uploads\/2021\/11\/tete-MAG2_m.jpg\"><img loading=\"lazy\" decoding=\"async\" width=\"500\" height=\"353\" src=\"http:\/\/www.babiscloud.de\/wp-content\/uploads\/2021\/11\/tete-MAG2_m.jpg\" alt=\"\" data-id=\"581\" data-full-url=\"http:\/\/www.babiscloud.de\/wp-content\/uploads\/2021\/11\/tete-MAG2_m.jpg\" data-link=\"https:\/\/www.babiscloud.de\/?attachment_id=581\" class=\"wp-image-581\" srcset=\"http:\/\/www.babiscloud.de\/wp-content\/uploads\/2021\/11\/tete-MAG2_m.jpg 500w, http:\/\/www.babiscloud.de\/wp-content\/uploads\/2021\/11\/tete-MAG2_m-300x212.jpg 300w\" sizes=\"auto, (max-width: 500px) 100vw, 500px\" \/><\/a><\/figure><\/li><\/ul><figcaption class=\"blocks-gallery-caption\">10.08.2015 Magnetband, Tonbandger\u00e4t Uher<br>@Raum f\u00fcr zeitgen\u00f6ssische Kunst Laurentiu Feller<\/figcaption><\/figure>\n\n\n\n<p> <\/p>\n\n\n\n<p>&#8222;T\u00eate Magn\u00e9tique&#8220;, aus recycelten Magnetb\u00e4ndern gebaute Klangskulpturen, sind ein nicht-stummer Zeuge, aus der Zeit der magnetischen Schallaufzeichnung. <\/p>\n\n\n\n<p> Das Tonband f\u00fcr diese Installation hat Mr. Grrhl mit analogen Ger\u00e4ten direkt auf Tonband mit der Uher 724 stereo aufgenommen. <\/p>\n","protected":false},"excerpt":{"rendered":"<div class=\"entry-summary\">\n&#8222;T\u00eate Magn\u00e9tique&#8220;, aus recycelten Magnetb\u00e4ndern gebaute Klangskulpturen, sind ein nicht-stummer Zeuge, aus&hellip;\n<\/div>\n<div class=\"link-more\"><a href=\"http:\/\/www.babiscloud.de\/?page_id=199\" class=\"more-link\">Continue reading<span class=\"screen-reader-text\"> &ldquo;T\u00eate Magn\u00e9tique&rdquo;<\/span>&hellip;<\/a><\/div>\n","protected":false},"author":1,"featured_media":0,"parent":162,"menu_order":0,"comment_status":"closed","ping_status":"closed","template":"page-template\/_fullwidth.php","meta":{"footnotes":""},"class_list":["post-199","page","type-page","status-publish","hentry","entry"],"_links":{"self":[{"href":"http:\/\/www.babiscloud.de\/index.php?rest_route=\/wp\/v2\/pages\/199","targetHints":{"allow":["GET"]}}],"collection":[{"href":"http:\/\/www.babiscloud.de\/index.php?rest_route=\/wp\/v2\/pages"}],"about":[{"href":"http:\/\/www.babiscloud.de\/index.php?rest_route=\/wp\/v2\/types\/page"}],"author":[{"embeddable":true,"href":"http:\/\/www.babiscloud.de\/index.php?rest_route=\/wp\/v2\/users\/1"}],"replies":[{"embeddable":true,"href":"http:\/\/www.babiscloud.de\/index.php?rest_route=%2Fwp%2Fv2%2Fcomments&post=199"}],"version-history":[{"count":10,"href":"http:\/\/www.babiscloud.de\/index.php?rest_route=\/wp\/v2\/pages\/199\/revisions"}],"predecessor-version":[{"id":589,"href":"http:\/\/www.babiscloud.de\/index.php?rest_route=\/wp\/v2\/pages\/199\/revisions\/589"}],"up":[{"embeddable":true,"href":"http:\/\/www.babiscloud.de\/index.php?rest_route=\/wp\/v2\/pages\/162"}],"wp:attachment":[{"href":"http:\/\/www.babiscloud.de\/index.php?rest_route=%2Fwp%2Fv2%2Fmedia&parent=199"}],"curies":[{"name":"wp","href":"https:\/\/api.w.org\/{rel}","templated":true}]}}