{"id":381,"date":"2021-11-11T21:15:59","date_gmt":"2021-11-11T20:15:59","guid":{"rendered":"https:\/\/www.babiscloud.de\/?page_id=381"},"modified":"2021-11-11T21:15:59","modified_gmt":"2021-11-11T20:15:59","slug":"boot","status":"publish","type":"page","link":"http:\/\/www.babiscloud.de\/?page_id=381","title":{"rendered":"Boot"},"content":{"rendered":"\n<figure class=\"wp-block-gallery columns-2 is-cropped wp-block-gallery-1 is-layout-flex wp-block-gallery-is-layout-flex\"><ul class=\"blocks-gallery-grid\"><li class=\"blocks-gallery-item\"><figure><a href=\"http:\/\/www.babiscloud.de\/wp-content\/uploads\/2021\/11\/BOOT.jpg\"><img loading=\"lazy\" decoding=\"async\" width=\"901\" height=\"674\" src=\"http:\/\/www.babiscloud.de\/wp-content\/uploads\/2021\/11\/BOOT.jpg\" alt=\"\" data-id=\"379\" data-full-url=\"http:\/\/www.babiscloud.de\/wp-content\/uploads\/2021\/11\/BOOT.jpg\" data-link=\"https:\/\/www.babiscloud.de\/?attachment_id=379\" class=\"wp-image-379\" srcset=\"http:\/\/www.babiscloud.de\/wp-content\/uploads\/2021\/11\/BOOT.jpg 901w, http:\/\/www.babiscloud.de\/wp-content\/uploads\/2021\/11\/BOOT-300x224.jpg 300w, http:\/\/www.babiscloud.de\/wp-content\/uploads\/2021\/11\/BOOT-768x575.jpg 768w\" sizes=\"auto, (max-width: 901px) 100vw, 901px\" \/><\/a><\/figure><\/li><li class=\"blocks-gallery-item\"><figure><a href=\"http:\/\/www.babiscloud.de\/wp-content\/uploads\/2021\/11\/BOOT-figuren_m.jpg\"><img loading=\"lazy\" decoding=\"async\" width=\"500\" height=\"400\" src=\"http:\/\/www.babiscloud.de\/wp-content\/uploads\/2021\/11\/BOOT-figuren_m.jpg\" alt=\"\" data-id=\"378\" data-full-url=\"http:\/\/www.babiscloud.de\/wp-content\/uploads\/2021\/11\/BOOT-figuren_m.jpg\" data-link=\"https:\/\/www.babiscloud.de\/?attachment_id=378\" class=\"wp-image-378\" srcset=\"http:\/\/www.babiscloud.de\/wp-content\/uploads\/2021\/11\/BOOT-figuren_m.jpg 500w, http:\/\/www.babiscloud.de\/wp-content\/uploads\/2021\/11\/BOOT-figuren_m-300x240.jpg 300w\" sizes=\"auto, (max-width: 500px) 100vw, 500px\" \/><\/a><\/figure><\/li><\/ul><figcaption class=\"blocks-gallery-caption\">Boot Oktober 28.10.2018 Stahlblech, Lorenzer Platz N\u00fcrnberg<br>Bewerbungsb\u00fcro Kulturhauptstadt Europas 2025 der Stadt N\u00fcrnberg OpenCall n2025<\/figcaption><\/figure>\n\n\n\n<p>Tatsache ist, da\u00df &#8222;alles&#8220; irgendwie zusammenh\u00e4ngt und wir allen Grund haben, Gemeinsamkeiten zu betonen und Unterschiede zu akzeptieren oder tolerieren.<br>Wir sitzen alle im selben Boot, ob es nun N\u00fcrnberg, Europa oder die ganze Weltkugel ist.<br>Das Spiegelnde Blech der Boot-Figuren in dem sich jeder Betrachter auch wiederfindet, soll dieser partizipativen Aspekt optisch vermitteln.<\/p>\n","protected":false},"excerpt":{"rendered":"<div class=\"entry-summary\">\nTatsache ist, da\u00df &#8222;alles&#8220; irgendwie zusammenh\u00e4ngt und wir allen Grund haben, Gemeinsamkeiten&hellip;\n<\/div>\n<div class=\"link-more\"><a href=\"http:\/\/www.babiscloud.de\/?page_id=381\" class=\"more-link\">Continue reading<span class=\"screen-reader-text\"> &ldquo;Boot&rdquo;<\/span>&hellip;<\/a><\/div>\n","protected":false},"author":1,"featured_media":0,"parent":162,"menu_order":0,"comment_status":"closed","ping_status":"closed","template":"page-template\/_fullwidth.php","meta":{"footnotes":""},"class_list":["post-381","page","type-page","status-publish","hentry","entry"],"_links":{"self":[{"href":"http:\/\/www.babiscloud.de\/index.php?rest_route=\/wp\/v2\/pages\/381","targetHints":{"allow":["GET"]}}],"collection":[{"href":"http:\/\/www.babiscloud.de\/index.php?rest_route=\/wp\/v2\/pages"}],"about":[{"href":"http:\/\/www.babiscloud.de\/index.php?rest_route=\/wp\/v2\/types\/page"}],"author":[{"embeddable":true,"href":"http:\/\/www.babiscloud.de\/index.php?rest_route=\/wp\/v2\/users\/1"}],"replies":[{"embeddable":true,"href":"http:\/\/www.babiscloud.de\/index.php?rest_route=%2Fwp%2Fv2%2Fcomments&post=381"}],"version-history":[{"count":4,"href":"http:\/\/www.babiscloud.de\/index.php?rest_route=\/wp\/v2\/pages\/381\/revisions"}],"predecessor-version":[{"id":385,"href":"http:\/\/www.babiscloud.de\/index.php?rest_route=\/wp\/v2\/pages\/381\/revisions\/385"}],"up":[{"embeddable":true,"href":"http:\/\/www.babiscloud.de\/index.php?rest_route=\/wp\/v2\/pages\/162"}],"wp:attachment":[{"href":"http:\/\/www.babiscloud.de\/index.php?rest_route=%2Fwp%2Fv2%2Fmedia&parent=381"}],"curies":[{"name":"wp","href":"https:\/\/api.w.org\/{rel}","templated":true}]}}