{"id":414,"date":"2021-11-11T21:59:16","date_gmt":"2021-11-11T20:59:16","guid":{"rendered":"https:\/\/www.babiscloud.de\/?page_id=414"},"modified":"2021-11-20T22:13:52","modified_gmt":"2021-11-20T21:13:52","slug":"duerer-grosses-rasenstueck-interpretationen","status":"publish","type":"page","link":"http:\/\/www.babiscloud.de\/?page_id=414","title":{"rendered":"D\u00fcrer Gro\u00dfes Rasenst\u00fcck Interpretationen"},"content":{"rendered":"\n<figure class=\"wp-block-gallery columns-2 is-cropped wp-block-gallery-1 is-layout-flex wp-block-gallery-is-layout-flex\"><ul class=\"blocks-gallery-grid\"><li class=\"blocks-gallery-item\"><figure><a href=\"http:\/\/www.babiscloud.de\/wp-content\/uploads\/2021\/11\/GR2_m.jpg\"><img loading=\"lazy\" decoding=\"async\" width=\"500\" height=\"678\" src=\"http:\/\/www.babiscloud.de\/wp-content\/uploads\/2021\/11\/GR2_m.jpg\" alt=\"\" data-id=\"413\" data-full-url=\"http:\/\/www.babiscloud.de\/wp-content\/uploads\/2021\/11\/GR2_m.jpg\" data-link=\"https:\/\/www.babiscloud.de\/?attachment_id=413\" class=\"wp-image-413\" srcset=\"http:\/\/www.babiscloud.de\/wp-content\/uploads\/2021\/11\/GR2_m.jpg 500w, http:\/\/www.babiscloud.de\/wp-content\/uploads\/2021\/11\/GR2_m-221x300.jpg 221w\" sizes=\"auto, (max-width: 500px) 100vw, 500px\" \/><\/a><\/figure><\/li><li class=\"blocks-gallery-item\"><figure><a href=\"http:\/\/www.babiscloud.de\/wp-content\/uploads\/2021\/11\/GR-4_m.jpg\"><img loading=\"lazy\" decoding=\"async\" width=\"500\" height=\"678\" src=\"http:\/\/www.babiscloud.de\/wp-content\/uploads\/2021\/11\/GR-4_m.jpg\" alt=\"\" data-id=\"411\" data-full-url=\"http:\/\/www.babiscloud.de\/wp-content\/uploads\/2021\/11\/GR-4_m.jpg\" data-link=\"https:\/\/www.babiscloud.de\/?attachment_id=411\" class=\"wp-image-411\" srcset=\"http:\/\/www.babiscloud.de\/wp-content\/uploads\/2021\/11\/GR-4_m.jpg 500w, http:\/\/www.babiscloud.de\/wp-content\/uploads\/2021\/11\/GR-4_m-221x300.jpg 221w\" sizes=\"auto, (max-width: 500px) 100vw, 500px\" \/><\/a><\/figure><\/li><li class=\"blocks-gallery-item\"><figure><a href=\"http:\/\/www.babiscloud.de\/wp-content\/uploads\/2021\/11\/GR-3_m.jpg\"><img loading=\"lazy\" decoding=\"async\" width=\"500\" height=\"678\" src=\"http:\/\/www.babiscloud.de\/wp-content\/uploads\/2021\/11\/GR-3_m.jpg\" alt=\"\" data-id=\"409\" data-full-url=\"http:\/\/www.babiscloud.de\/wp-content\/uploads\/2021\/11\/GR-3_m.jpg\" data-link=\"https:\/\/www.babiscloud.de\/?attachment_id=409\" class=\"wp-image-409\" srcset=\"http:\/\/www.babiscloud.de\/wp-content\/uploads\/2021\/11\/GR-3_m.jpg 500w, http:\/\/www.babiscloud.de\/wp-content\/uploads\/2021\/11\/GR-3_m-221x300.jpg 221w\" sizes=\"auto, (max-width: 500px) 100vw, 500px\" \/><\/a><\/figure><\/li><li class=\"blocks-gallery-item\"><figure><a href=\"http:\/\/www.babiscloud.de\/wp-content\/uploads\/2021\/11\/GR-1_m.jpg\"><img loading=\"lazy\" decoding=\"async\" width=\"500\" height=\"695\" src=\"http:\/\/www.babiscloud.de\/wp-content\/uploads\/2021\/11\/GR-1_m.jpg\" alt=\"\" data-id=\"407\" data-full-url=\"http:\/\/www.babiscloud.de\/wp-content\/uploads\/2021\/11\/GR-1_m.jpg\" data-link=\"https:\/\/www.babiscloud.de\/?attachment_id=407\" class=\"wp-image-407\" srcset=\"http:\/\/www.babiscloud.de\/wp-content\/uploads\/2021\/11\/GR-1_m.jpg 500w, http:\/\/www.babiscloud.de\/wp-content\/uploads\/2021\/11\/GR-1_m-216x300.jpg 216w\" sizes=\"auto, (max-width: 500px) 100vw, 500px\" \/><\/a><\/figure><\/li><\/ul><figcaption class=\"blocks-gallery-caption\">Asphaltografics 2021 D\u00fcrer Gro\u00dfes Rasenst\u00fcck Interpretationen<\/figcaption><\/figure>\n\n\n\n<p>&#8222;Das gro\u00dfe Rasenst\u00fcck&#8220; Vier Jahreszeiten Interpretationen zum 550. D\u00fcrer Jubil\u00e4um<\/p>\n\n\n\n<p>&#8222;Nie zuvor und nie mehr sp\u00e4ter hat ein K\u00fcnstler dies gewagt: die Darstellung eines g\u00e4nzlich belanglosen St\u00fccks Rasen, wie man es auf jeder Wiese findet.&#8220;<br>Lottlisa Behling<\/p>\n\n\n\n<p>Wie h\u00e4tte D\u00fcrer, dieser Realist, auf die Ver\u00e4nderung unserer Umwelt reagiert? In unserem Zeitalter, das Anthropoz\u00e4n genannt wird, und der Abdruck des Automobils auf die Weltkugel un\u00fcbersehbar ist.<br>Reifenprofile haben oft Pflanzenmuster als Vorbilder, beim abrollen entstehen florale Strukturen, also Pflanzen-Mutationen. Hier wurde diese Technik eingesetzt, um D\u00fcrers Sicht, auf unsere Zeit zu \u00fcbertragen.<\/p>\n","protected":false},"excerpt":{"rendered":"<div class=\"entry-summary\">\n&#8222;Das gro\u00dfe Rasenst\u00fcck&#8220; Vier Jahreszeiten Interpretationen zum 550. D\u00fcrer Jubil\u00e4um &#8222;Nie zuvor&hellip;\n<\/div>\n<div class=\"link-more\"><a href=\"http:\/\/www.babiscloud.de\/?page_id=414\" class=\"more-link\">Continue reading<span class=\"screen-reader-text\"> &ldquo;D\u00fcrer Gro\u00dfes Rasenst\u00fcck Interpretationen&rdquo;<\/span>&hellip;<\/a><\/div>\n","protected":false},"author":1,"featured_media":0,"parent":162,"menu_order":0,"comment_status":"closed","ping_status":"closed","template":"page-template\/_fullwidth.php","meta":{"footnotes":""},"class_list":["post-414","page","type-page","status-publish","hentry","entry"],"_links":{"self":[{"href":"http:\/\/www.babiscloud.de\/index.php?rest_route=\/wp\/v2\/pages\/414","targetHints":{"allow":["GET"]}}],"collection":[{"href":"http:\/\/www.babiscloud.de\/index.php?rest_route=\/wp\/v2\/pages"}],"about":[{"href":"http:\/\/www.babiscloud.de\/index.php?rest_route=\/wp\/v2\/types\/page"}],"author":[{"embeddable":true,"href":"http:\/\/www.babiscloud.de\/index.php?rest_route=\/wp\/v2\/users\/1"}],"replies":[{"embeddable":true,"href":"http:\/\/www.babiscloud.de\/index.php?rest_route=%2Fwp%2Fv2%2Fcomments&post=414"}],"version-history":[{"count":3,"href":"http:\/\/www.babiscloud.de\/index.php?rest_route=\/wp\/v2\/pages\/414\/revisions"}],"predecessor-version":[{"id":574,"href":"http:\/\/www.babiscloud.de\/index.php?rest_route=\/wp\/v2\/pages\/414\/revisions\/574"}],"up":[{"embeddable":true,"href":"http:\/\/www.babiscloud.de\/index.php?rest_route=\/wp\/v2\/pages\/162"}],"wp:attachment":[{"href":"http:\/\/www.babiscloud.de\/index.php?rest_route=%2Fwp%2Fv2%2Fmedia&parent=414"}],"curies":[{"name":"wp","href":"https:\/\/api.w.org\/{rel}","templated":true}]}}