{"id":416,"date":"2021-11-11T22:00:33","date_gmt":"2021-11-11T21:00:33","guid":{"rendered":"https:\/\/www.babiscloud.de\/?page_id=416"},"modified":"2021-11-20T22:15:18","modified_gmt":"2021-11-20T21:15:18","slug":"duerer-grosses-rasenstueck-interpretations","status":"publish","type":"page","link":"http:\/\/www.babiscloud.de\/?page_id=416&lang=en","title":{"rendered":"D\u00fcrer Gro\u00dfes Rasenst\u00fcck Interpretations"},"content":{"rendered":"\n<figure class=\"wp-block-gallery columns-2 is-cropped wp-block-gallery-1 is-layout-flex wp-block-gallery-is-layout-flex\"><ul class=\"blocks-gallery-grid\"><li class=\"blocks-gallery-item\"><figure><a href=\"http:\/\/www.babiscloud.de\/wp-content\/uploads\/2021\/11\/GR2_m.jpg\"><img loading=\"lazy\" decoding=\"async\" width=\"500\" height=\"678\" src=\"http:\/\/www.babiscloud.de\/wp-content\/uploads\/2021\/11\/GR2_m.jpg\" alt=\"\" data-id=\"413\" data-full-url=\"http:\/\/www.babiscloud.de\/wp-content\/uploads\/2021\/11\/GR2_m.jpg\" data-link=\"https:\/\/www.babiscloud.de\/?attachment_id=413\" class=\"wp-image-413\" srcset=\"http:\/\/www.babiscloud.de\/wp-content\/uploads\/2021\/11\/GR2_m.jpg 500w, http:\/\/www.babiscloud.de\/wp-content\/uploads\/2021\/11\/GR2_m-221x300.jpg 221w\" sizes=\"auto, (max-width: 500px) 100vw, 500px\" \/><\/a><\/figure><\/li><li class=\"blocks-gallery-item\"><figure><a href=\"http:\/\/www.babiscloud.de\/wp-content\/uploads\/2021\/11\/GR-4_m.jpg\"><img loading=\"lazy\" decoding=\"async\" width=\"500\" height=\"678\" src=\"http:\/\/www.babiscloud.de\/wp-content\/uploads\/2021\/11\/GR-4_m.jpg\" alt=\"\" data-id=\"411\" data-full-url=\"http:\/\/www.babiscloud.de\/wp-content\/uploads\/2021\/11\/GR-4_m.jpg\" data-link=\"https:\/\/www.babiscloud.de\/?attachment_id=411\" class=\"wp-image-411\" srcset=\"http:\/\/www.babiscloud.de\/wp-content\/uploads\/2021\/11\/GR-4_m.jpg 500w, http:\/\/www.babiscloud.de\/wp-content\/uploads\/2021\/11\/GR-4_m-221x300.jpg 221w\" sizes=\"auto, (max-width: 500px) 100vw, 500px\" \/><\/a><\/figure><\/li><li class=\"blocks-gallery-item\"><figure><a href=\"http:\/\/www.babiscloud.de\/wp-content\/uploads\/2021\/11\/GR-3_m.jpg\"><img loading=\"lazy\" decoding=\"async\" width=\"500\" height=\"678\" src=\"http:\/\/www.babiscloud.de\/wp-content\/uploads\/2021\/11\/GR-3_m.jpg\" alt=\"\" data-id=\"409\" data-full-url=\"http:\/\/www.babiscloud.de\/wp-content\/uploads\/2021\/11\/GR-3_m.jpg\" data-link=\"https:\/\/www.babiscloud.de\/?attachment_id=409\" class=\"wp-image-409\" srcset=\"http:\/\/www.babiscloud.de\/wp-content\/uploads\/2021\/11\/GR-3_m.jpg 500w, http:\/\/www.babiscloud.de\/wp-content\/uploads\/2021\/11\/GR-3_m-221x300.jpg 221w\" sizes=\"auto, (max-width: 500px) 100vw, 500px\" \/><\/a><\/figure><\/li><li class=\"blocks-gallery-item\"><figure><a href=\"http:\/\/www.babiscloud.de\/wp-content\/uploads\/2021\/11\/GR-1_m.jpg\"><img loading=\"lazy\" decoding=\"async\" width=\"500\" height=\"695\" src=\"http:\/\/www.babiscloud.de\/wp-content\/uploads\/2021\/11\/GR-1_m.jpg\" alt=\"\" data-id=\"407\" data-full-url=\"http:\/\/www.babiscloud.de\/wp-content\/uploads\/2021\/11\/GR-1_m.jpg\" data-link=\"https:\/\/www.babiscloud.de\/?attachment_id=407\" class=\"wp-image-407\" srcset=\"http:\/\/www.babiscloud.de\/wp-content\/uploads\/2021\/11\/GR-1_m.jpg 500w, http:\/\/www.babiscloud.de\/wp-content\/uploads\/2021\/11\/GR-1_m-216x300.jpg 216w\" sizes=\"auto, (max-width: 500px) 100vw, 500px\" \/><\/a><\/figure><\/li><\/ul><figcaption class=\"blocks-gallery-caption\">Asphaltografics 2021 D\u00fcrer Gro\u00dfes Rasenst\u00fcck Interpretations<\/figcaption><\/figure>\n\n\n\n<p>&#8222;Das gro\u00dfe Rasenst\u00fcck&#8220; Four seasons interpretations for the 550th anniversary of D\u00fcrer<\/p>\n\n\n\n<p>&#8222;Never before and never again has an artist dared to do this: the representation of a completely insignificant piece of lawn, as you can find it on every meadow.&#8220;<br>Lottlisa Behling<\/p>\n\n\n\n<p>How would D\u00fcrer, this realist, have reacted to the change in our environment? In our age, which is called the Anthropocene, and the imprint of the automobile on the globe is unmistakable.<br>Tire treads often have plant patterns as models, when rolling, floral structures, i.e. plant mutations, arise. This technique was used here to transfer D\u00fcrer&#8217;s point of view to our time.<\/p>\n","protected":false},"excerpt":{"rendered":"<div class=\"entry-summary\">\n&#8222;Das gro\u00dfe Rasenst\u00fcck&#8220; Four seasons interpretations for the 550th anniversary of D\u00fcrer&hellip;\n<\/div>\n<div class=\"link-more\"><a href=\"http:\/\/www.babiscloud.de\/?page_id=416&#038;lang=en\" class=\"more-link\">Continue reading<span class=\"screen-reader-text\"> &ldquo;D\u00fcrer Gro\u00dfes Rasenst\u00fcck Interpretations&rdquo;<\/span>&hellip;<\/a><\/div>\n","protected":false},"author":1,"featured_media":0,"parent":290,"menu_order":0,"comment_status":"closed","ping_status":"closed","template":"page-template\/_fullwidth.php","meta":{"footnotes":""},"class_list":["post-416","page","type-page","status-publish","hentry","entry"],"_links":{"self":[{"href":"http:\/\/www.babiscloud.de\/index.php?rest_route=\/wp\/v2\/pages\/416","targetHints":{"allow":["GET"]}}],"collection":[{"href":"http:\/\/www.babiscloud.de\/index.php?rest_route=\/wp\/v2\/pages"}],"about":[{"href":"http:\/\/www.babiscloud.de\/index.php?rest_route=\/wp\/v2\/types\/page"}],"author":[{"embeddable":true,"href":"http:\/\/www.babiscloud.de\/index.php?rest_route=\/wp\/v2\/users\/1"}],"replies":[{"embeddable":true,"href":"http:\/\/www.babiscloud.de\/index.php?rest_route=%2Fwp%2Fv2%2Fcomments&post=416"}],"version-history":[{"count":4,"href":"http:\/\/www.babiscloud.de\/index.php?rest_route=\/wp\/v2\/pages\/416\/revisions"}],"predecessor-version":[{"id":576,"href":"http:\/\/www.babiscloud.de\/index.php?rest_route=\/wp\/v2\/pages\/416\/revisions\/576"}],"up":[{"embeddable":true,"href":"http:\/\/www.babiscloud.de\/index.php?rest_route=\/wp\/v2\/pages\/290"}],"wp:attachment":[{"href":"http:\/\/www.babiscloud.de\/index.php?rest_route=%2Fwp%2Fv2%2Fmedia&parent=416"}],"curies":[{"name":"wp","href":"https:\/\/api.w.org\/{rel}","templated":true}]}}