{"id":461,"date":"2021-11-11T22:40:55","date_gmt":"2021-11-11T21:40:55","guid":{"rendered":"https:\/\/www.babiscloud.de\/?page_id=461"},"modified":"2021-11-20T22:11:00","modified_gmt":"2021-11-20T21:11:00","slug":"winter-edition","status":"publish","type":"page","link":"http:\/\/www.babiscloud.de\/?page_id=461","title":{"rendered":"Winter Edition"},"content":{"rendered":"\n<figure class=\"wp-block-image size-full\"><img loading=\"lazy\" decoding=\"async\" width=\"800\" height=\"652\" src=\"http:\/\/www.babiscloud.de\/wp-content\/uploads\/2021\/11\/Asphalto-Winter_m.jpg\" alt=\"\" class=\"wp-image-460\" srcset=\"http:\/\/www.babiscloud.de\/wp-content\/uploads\/2021\/11\/Asphalto-Winter_m.jpg 800w, http:\/\/www.babiscloud.de\/wp-content\/uploads\/2021\/11\/Asphalto-Winter_m-300x245.jpg 300w, http:\/\/www.babiscloud.de\/wp-content\/uploads\/2021\/11\/Asphalto-Winter_m-768x626.jpg 768w\" sizes=\"auto, (max-width: 800px) 100vw, 800px\" \/><figcaption>2021 Asphaltografics Winter Edition<\/figcaption><\/figure>\n\n\n\n<p>F\u00fcr die &#8222;Asphaltografics&#8220; Reihe wird der Autoreifen zum Pinsel. Im unserem Anthropoz\u00e4n Zeitalter, ist der Abdruck des Automobils un\u00fcbersehbar auf die Weltkugel gesetzt. Wie eine Reaktion darauf ist der Reifen, das unorthodoxe Werkzeug, der mit Farbe \u00fcber die Leinwand rollt, um den nat\u00fcrlichen Ursprung nachzuempfinden. Nicht Handschrift oder Pinself\u00fchrung des Malers sind hierbei relevant, sondern die Reifenprofile, die wiederum pflanzliche Strukturen zum Vorbild haben. Beim abrollen entstehen florale Formen, Pflanzen Mutationen, damit schlie\u00dft der Kreislauf, zumindest auf kreativer Ebene.<\/p>\n","protected":false},"excerpt":{"rendered":"<div class=\"entry-summary\">\nF\u00fcr die &#8222;Asphaltografics&#8220; Reihe wird der Autoreifen zum Pinsel. Im unserem Anthropoz\u00e4n&hellip;\n<\/div>\n<div class=\"link-more\"><a href=\"http:\/\/www.babiscloud.de\/?page_id=461\" class=\"more-link\">Continue reading<span class=\"screen-reader-text\"> &ldquo;Winter Edition&rdquo;<\/span>&hellip;<\/a><\/div>\n","protected":false},"author":1,"featured_media":0,"parent":162,"menu_order":0,"comment_status":"closed","ping_status":"closed","template":"page-template\/_fullwidth.php","meta":{"footnotes":""},"class_list":["post-461","page","type-page","status-publish","hentry","entry"],"_links":{"self":[{"href":"http:\/\/www.babiscloud.de\/index.php?rest_route=\/wp\/v2\/pages\/461","targetHints":{"allow":["GET"]}}],"collection":[{"href":"http:\/\/www.babiscloud.de\/index.php?rest_route=\/wp\/v2\/pages"}],"about":[{"href":"http:\/\/www.babiscloud.de\/index.php?rest_route=\/wp\/v2\/types\/page"}],"author":[{"embeddable":true,"href":"http:\/\/www.babiscloud.de\/index.php?rest_route=\/wp\/v2\/users\/1"}],"replies":[{"embeddable":true,"href":"http:\/\/www.babiscloud.de\/index.php?rest_route=%2Fwp%2Fv2%2Fcomments&post=461"}],"version-history":[{"count":2,"href":"http:\/\/www.babiscloud.de\/index.php?rest_route=\/wp\/v2\/pages\/461\/revisions"}],"predecessor-version":[{"id":572,"href":"http:\/\/www.babiscloud.de\/index.php?rest_route=\/wp\/v2\/pages\/461\/revisions\/572"}],"up":[{"embeddable":true,"href":"http:\/\/www.babiscloud.de\/index.php?rest_route=\/wp\/v2\/pages\/162"}],"wp:attachment":[{"href":"http:\/\/www.babiscloud.de\/index.php?rest_route=%2Fwp%2Fv2%2Fmedia&parent=461"}],"curies":[{"name":"wp","href":"https:\/\/api.w.org\/{rel}","templated":true}]}}